{"id":284,"date":"2017-11-07T09:30:39","date_gmt":"2017-11-07T09:30:39","guid":{"rendered":"http:\/\/an-schmuckwerkstatt.de\/?page_id=284"},"modified":"2022-01-08T13:26:57","modified_gmt":"2022-01-08T13:26:57","slug":"impressum","status":"publish","type":"page","link":"https:\/\/an-schmuckwerkstatt.de\/?page_id=284","title":{"rendered":"Impressum"},"content":{"rendered":"<div id=\"pl-284\"  class=\"panel-layout\" ><div id=\"pg-284-0\"  class=\"panel-grid panel-no-style\" ><div id=\"pgc-284-0-0\"  class=\"panel-grid-cell\" ><div id=\"panel-284-0-0-0\" class=\"so-panel widget widget_sow-editor panel-first-child panel-last-child\" data-index=\"0\" ><div\n\t\t\t\n\t\t\tclass=\"so-widget-sow-editor so-widget-sow-editor-base\"\n\t\t\t\n\t\t>\n<div class=\"siteorigin-widget-tinymce textwidget\">\n\t<p>Anke Neumann Schmuckwerkstatt<br \/>\nPapendiek 5<br \/>\n37073 G\u00f6ttingen<br \/>\nDeutschland<\/p>\n<p>Rechtsform: Einzelunternehmen<br \/>\nSitz: G\u00f6ttingen<br \/>\nInhaber: Anke Neumann<br \/>\nUSt-Id: DE 219 30 4870<\/p>\n<p>Verantwortlich f\u00fcr den Inhalt:<br \/>\nAnke Neumann<br \/>\nTelefon: +49 151 210 188 47<br \/>\nanke.neumann@an-schmuckwerkstatt.de<\/p>\n<p><span style=\"color: #808080;\"><a href=\"http:\/\/an-schmuckwerkstatt.de\/\"><span style=\"color: #808080;\">zur\u00fcck<\/span><\/a><\/span><a href=\"http:\/\/an-schmuckwerkstatt.de\/\"><img loading=\"lazy\" decoding=\"async\" class=\"wp-image-10 alignright\" src=\"http:\/\/an-schmuckwerkstatt.de\/wp-content\/uploads\/2017\/11\/pfeil-300x300.png\" alt=\"\" width=\"37\" height=\"37\" srcset=\"https:\/\/an-schmuckwerkstatt.de\/wp-content\/uploads\/2017\/11\/pfeil-300x300.png 300w, https:\/\/an-schmuckwerkstatt.de\/wp-content\/uploads\/2017\/11\/pfeil-150x150.png 150w, https:\/\/an-schmuckwerkstatt.de\/wp-content\/uploads\/2017\/11\/pfeil-100x100.png 100w, https:\/\/an-schmuckwerkstatt.de\/wp-content\/uploads\/2017\/11\/pfeil.png 500w\" sizes=\"(max-width: 37px) 100vw, 37px\" \/><\/a><\/p>\n<\/div>\n<\/div><\/div><\/div><\/div><\/div>","protected":false},"excerpt":{"rendered":"<p>Anke Neumann Schmuckwerkstatt Papendiek 5 37073 G\u00f6ttingen Deutschland Rechtsform: Einzelunternehmen Sitz: G\u00f6ttingen Inhaber: Anke Neumann USt-Id: DE 219 30 4870 Verantwortlich f\u00fcr den Inhalt: Anke Neumann Telefon: +49 151 210 188 47 anke.neumann@an-schmuckwerkstatt.de zur\u00fcck<\/p>\n","protected":false},"author":1,"featured_media":0,"parent":0,"menu_order":0,"comment_status":"closed","ping_status":"closed","template":"page-templates\/template_fullwidth.php","meta":{"footnotes":""},"class_list":["post-284","page","type-page","status-publish","hentry","post"],"_links":{"self":[{"href":"https:\/\/an-schmuckwerkstatt.de\/index.php?rest_route=\/wp\/v2\/pages\/284"}],"collection":[{"href":"https:\/\/an-schmuckwerkstatt.de\/index.php?rest_route=\/wp\/v2\/pages"}],"about":[{"href":"https:\/\/an-schmuckwerkstatt.de\/index.php?rest_route=\/wp\/v2\/types\/page"}],"author":[{"embeddable":true,"href":"https:\/\/an-schmuckwerkstatt.de\/index.php?rest_route=\/wp\/v2\/users\/1"}],"replies":[{"embeddable":true,"href":"https:\/\/an-schmuckwerkstatt.de\/index.php?rest_route=%2Fwp%2Fv2%2Fcomments&post=284"}],"version-history":[{"count":8,"href":"https:\/\/an-schmuckwerkstatt.de\/index.php?rest_route=\/wp\/v2\/pages\/284\/revisions"}],"predecessor-version":[{"id":1010,"href":"https:\/\/an-schmuckwerkstatt.de\/index.php?rest_route=\/wp\/v2\/pages\/284\/revisions\/1010"}],"wp:attachment":[{"href":"https:\/\/an-schmuckwerkstatt.de\/index.php?rest_route=%2Fwp%2Fv2%2Fmedia&parent=284"}],"curies":[{"name":"wp","href":"https:\/\/api.w.org\/{rel}","templated":true}]}}